{"id":466,"date":"2021-05-17T12:21:16","date_gmt":"2021-05-17T12:21:16","guid":{"rendered":"http:\/\/localhost\/liceulcilieni\/home\/"},"modified":"2025-06-03T08:02:13","modified_gmt":"2025-06-03T08:02:13","slug":"home","status":"publish","type":"page","link":"https:\/\/www.scoala-smirdan.ro\/","title":{"rendered":"Home"},"content":{"rendered":"\t\t<div data-elementor-type=\"wp-page\" data-elementor-id=\"466\" class=\"elementor elementor-466\">\n\t\t\t\t<div class=\"elementor-element elementor-element-477a230 e-flex e-con-boxed e-con e-parent\" data-id=\"477a230\" data-element_type=\"container\" data-e-type=\"container\" data-settings=\"{&quot;background_background&quot;:&quot;classic&quot;}\">\n\t\t\t\t\t<div class=\"e-con-inner\">\n\t\t<div class=\"elementor-element elementor-element-03878bd e-con-full e-flex e-con e-child\" data-id=\"03878bd\" data-element_type=\"container\" data-e-type=\"container\">\n\t\t\t\t<\/div>\n\t\t<div class=\"elementor-element elementor-element-b20b33b e-con-full e-flex e-con e-child\" data-id=\"b20b33b\" data-element_type=\"container\" data-e-type=\"container\">\n\t\t<div class=\"elementor-element elementor-element-77bea5c e-con-full animated-slow e-flex elementor-invisible e-con e-child\" data-id=\"77bea5c\" data-element_type=\"container\" data-e-type=\"container\" data-settings=\"{&quot;background_background&quot;:&quot;classic&quot;,&quot;animation&quot;:&quot;zoomIn&quot;}\">\n\t\t\t\t<div class=\"elementor-element elementor-element-943f0fe elementor-widget elementor-widget-text-editor\" data-id=\"943f0fe\" data-element_type=\"widget\" data-e-type=\"widget\" data-widget_type=\"text-editor.default\">\n\t\t\t\t<div class=\"elementor-widget-container\">\n\t\t\t\t\t\t\t\t\t<p>&#8221; \u0218coala s\u0103 nu fie nimic altceva, dec\u00e2t ateliere pline de activitate. Numai astfel vor putea s\u0103 probeze to\u0163i, \u00een propria lor practic\u0103, adev\u0103rul c\u0103: \u00eenv\u0103\u0163\u00e2nd pe al\u0163ii ne \u00eenv\u0103\u0163\u0103m pe noi \u00een\u015fine &#8220;<\/p>\t\t\t\t\t\t\t\t<\/div>\n\t\t\t\t<\/div>\n\t\t\t\t<div class=\"elementor-element elementor-element-b6bb5b2 elementor-widget elementor-widget-heading\" data-id=\"b6bb5b2\" data-element_type=\"widget\" data-e-type=\"widget\" data-widget_type=\"heading.default\">\n\t\t\t\t<div class=\"elementor-widget-container\">\n\t\t\t\t\t<h5 class=\"elementor-heading-title elementor-size-default\">John Amos Comenius<\/h5>\t\t\t\t<\/div>\n\t\t\t\t<\/div>\n\t\t\t\t<\/div>\n\t\t\t\t<\/div>\n\t\t\t\t\t<\/div>\n\t\t\t\t<\/div>\n\t\t<div class=\"elementor-element elementor-element-0b2b124 e-flex e-con-boxed e-con e-parent\" data-id=\"0b2b124\" data-element_type=\"container\" data-e-type=\"container\" data-settings=\"{&quot;background_background&quot;:&quot;classic&quot;}\">\n\t\t\t\t\t<div class=\"e-con-inner\">\n\t\t<div class=\"elementor-element elementor-element-8a58791 e-con-full e-flex e-con e-child\" data-id=\"8a58791\" data-element_type=\"container\" data-e-type=\"container\">\n\t\t\t\t<div class=\"elementor-element elementor-element-94592f1 elementor-widget elementor-widget-heading\" data-id=\"94592f1\" data-element_type=\"widget\" data-e-type=\"widget\" data-widget_type=\"heading.default\">\n\t\t\t\t<div class=\"elementor-widget-container\">\n\t\t\t\t\t<h4 class=\"elementor-heading-title elementor-size-default\">\u0218coala Profesional\u0103 \"Sf\u00e2ntul Ap. Andrei\"<\/h4>\t\t\t\t<\/div>\n\t\t\t\t<\/div>\n\t\t\t\t<div class=\"elementor-element elementor-element-a8d0358 elementor-widget-divider--view-line elementor-widget elementor-widget-divider\" data-id=\"a8d0358\" data-element_type=\"widget\" data-e-type=\"widget\" data-widget_type=\"divider.default\">\n\t\t\t\t<div class=\"elementor-widget-container\">\n\t\t\t\t\t\t\t<div class=\"elementor-divider\">\n\t\t\t<span class=\"elementor-divider-separator\">\n\t\t\t\t\t\t<\/span>\n\t\t<\/div>\n\t\t\t\t\t\t<\/div>\n\t\t\t\t<\/div>\n\t\t\t\t<div class=\"elementor-element elementor-element-2e40a97 elementor-widget elementor-widget-text-editor\" data-id=\"2e40a97\" data-element_type=\"widget\" data-e-type=\"widget\" data-widget_type=\"text-editor.default\">\n\t\t\t\t<div class=\"elementor-widget-container\">\n\t\t\t\t\t\t\t\t\t<h6><em>\u015ecoala Profesional\u0103<strong> \u201eSf\u00e2ntul Apostol Andrei\u201d Sm\u00e2rdan<\/strong>, deserve\u015fte popula\u0163ia \u015fcolar\u0103 din comunele Suhar\u0103u, Hude\u015fti, Cristine\u015fti, Ib\u0103ne\u015fti din jude\u0163ul Boto\u015fani. \u015ecoala s-a constituit pe fondul \u015ecolii cu clasele I-VIII care \u00een perioada 1974-1990 a func\u0163ionat \u015fi cu prima treapt\u0103 de liceu. \u00cen aceast\u0103 perioad\u0103 \u015fcoala s-a dezvoltat \u00eentr-un ritm ascendent asigur\u00e2nd preg\u0103tirea elevilor din comunele Suhar\u0103u, Cristine\u015fti \u015fi Hude\u015fti.Baza material\u0103 s-a \u00eembun\u0103t\u0103\u0163it substan\u0163ial construindu-se localul de \u015fcoal\u0103 cu 8 s\u0103li de clas\u0103, laborator \u015fi alte dependen\u0163e. Atelierele de instruire practic\u0103 s-au modernizat asigur\u00e2nd preg\u0103tirea a 24 de elevi pe schimb. Din anul 1990 prima treapt\u0103 s-a desfiin\u0163at \u015fi s-au \u00eenfiin\u0163at clasele de \u00eenv\u0103\u0163\u0103m\u00e2nt complementar \u015fi mai t\u00e2rziu clasele de \u00eenv\u0103\u0163\u0103m\u00e2nt de ucenici. <\/em><\/h6>\t\t\t\t\t\t\t\t<\/div>\n\t\t\t\t<\/div>\n\t\t\t\t<\/div>\n\t\t\t\t\t<\/div>\n\t\t\t\t<\/div>\n\t\t<div class=\"elementor-element elementor-element-8fec7b8 e-flex e-con-boxed e-con e-parent\" data-id=\"8fec7b8\" data-element_type=\"container\" data-e-type=\"container\" data-settings=\"{&quot;background_background&quot;:&quot;classic&quot;}\">\n\t\t\t\t\t<div class=\"e-con-inner\">\n\t\t<div class=\"elementor-element elementor-element-5ce7464 e-con-full e-flex e-con e-child\" data-id=\"5ce7464\" data-element_type=\"container\" data-e-type=\"container\">\n\t\t<div class=\"elementor-element elementor-element-283f5bf e-flex e-con-boxed e-con e-child\" data-id=\"283f5bf\" data-element_type=\"container\" data-e-type=\"container\">\n\t\t\t\t\t<div class=\"e-con-inner\">\n\t\t<div class=\"elementor-element elementor-element-dede995 e-con-full e-flex e-con e-child\" data-id=\"dede995\" data-element_type=\"container\" data-e-type=\"container\">\n\t\t\t\t<div class=\"elementor-element elementor-element-a00f22a elementor-widget elementor-widget-heading\" data-id=\"a00f22a\" data-element_type=\"widget\" data-e-type=\"widget\" data-widget_type=\"heading.default\">\n\t\t\t\t<div class=\"elementor-widget-container\">\n\t\t\t\t\t<h4 class=\"elementor-heading-title elementor-size-default\">Avizier<\/h4>\t\t\t\t<\/div>\n\t\t\t\t<\/div>\n\t\t\t\t<\/div>\n\t\t\t\t\t<\/div>\n\t\t\t\t<\/div>\n\t\t\t\t<div class=\"elementor-element elementor-element-9dd652b premium-blog-align-left elementor-widget elementor-widget-premium-addon-blog\" data-id=\"9dd652b\" data-element_type=\"widget\" data-e-type=\"widget\" data-settings=\"{&quot;premium_blog_columns_number_tablet&quot;:&quot;100%&quot;,&quot;force_height&quot;:&quot;true&quot;,&quot;premium_blog_columns_number&quot;:&quot;33.33%&quot;,&quot;premium_blog_grid&quot;:&quot;yes&quot;,&quot;premium_blog_layout&quot;:&quot;even&quot;,&quot;premium_blog_columns_number_mobile&quot;:&quot;100%&quot;,&quot;scroll_to_offset&quot;:&quot;yes&quot;}\" data-widget_type=\"premium-addon-blog.default\">\n\t\t\t\t<div class=\"elementor-widget-container\">\n\t\t\t\t\t\n\t\t\n\n\t\t\t\t<div class=\"premium-blog-wrap  premium-blog-even\" data-page=\"466\" data-pagination=\"true\">\n\t\t\t\t\t\t\t\t\t<div class=\"premium-blog-post-outer-container\" data-total=\"11\">\n\t\t\t<div class=\"premium-blog-post-container premium-blog-skin-classic\">\n\t\t\t\t\t\t\t\t\t\t\t\t<div class=\"premium-blog-content-wrapper empty-thumb\">\n\n\t\t\t\t\t<div class=\"premium-blog-inner-container\">\n\n\t\t\t\t\t\t\t\t\t\t\t\t\t\t<h2 class=\"premium-blog-entry-title\">\n\t\t\t<a href=\"https:\/\/www.scoala-smirdan.ro\/?p=2001\" target=\"_blank\">\n\t\t\t\tProcedur\u0103 constituire forma\u021biuni de studiu clasa preg\u0103titoare 2026-2027\t\t\t<\/a>\n\t\t<\/h2>\n\t\t\t\t<div class=\"premium-blog-entry-meta\">\n\t\t\t\n\t\t\t\t\t\t\t<span class=\"premium-blog-meta-separator\">\u2022<\/span>\n\t\t\t\t<div class=\"premium-blog-post-time premium-blog-meta-data\">\n\t\t\t\t\t<i class=\"fa fa-calendar-alt\" aria-hidden=\"true\"><\/i>\n\t\t\t\t\t<span>12\/03\/2026<\/span>\n\t\t\t\t<\/div>\n\t\t\t\n\t\t\t\n\t\t\t\t\t<\/div>\n\t\t\n\t\t\t\t\t<\/div>\n\n\t\t\t\t\t\t\t\t\t\t\n\t\t\t\t<\/div>\n\t\t\t<\/div>\n\t\t<\/div>\n\n\t\t\t\t<div class=\"premium-blog-post-outer-container\" data-total=\"11\">\n\t\t\t<div class=\"premium-blog-post-container premium-blog-skin-classic\">\n\t\t\t\t\t\t\t\t\t\t\t\t<div class=\"premium-blog-content-wrapper empty-thumb\">\n\n\t\t\t\t\t<div class=\"premium-blog-inner-container\">\n\n\t\t\t\t\t\t\t\t\t\t\t\t\t\t<h2 class=\"premium-blog-entry-title\">\n\t\t\t<a href=\"https:\/\/www.scoala-smirdan.ro\/?p=2004\" target=\"_blank\">\n\t\t\t\tAnun\u021b selec\u021bie PNRAS\t\t\t<\/a>\n\t\t<\/h2>\n\t\t\t\t<div class=\"premium-blog-entry-meta\">\n\t\t\t\n\t\t\t\t\t\t\t<span class=\"premium-blog-meta-separator\">\u2022<\/span>\n\t\t\t\t<div class=\"premium-blog-post-time premium-blog-meta-data\">\n\t\t\t\t\t<i class=\"fa fa-calendar-alt\" aria-hidden=\"true\"><\/i>\n\t\t\t\t\t<span>12\/03\/2026<\/span>\n\t\t\t\t<\/div>\n\t\t\t\n\t\t\t\n\t\t\t\t\t<\/div>\n\t\t\n\t\t\t\t\t<\/div>\n\n\t\t\t\t\t\t\t\t\t\t\n\t\t\t\t<\/div>\n\t\t\t<\/div>\n\t\t<\/div>\n\n\t\t\t\t<div class=\"premium-blog-post-outer-container\" data-total=\"11\">\n\t\t\t<div class=\"premium-blog-post-container premium-blog-skin-classic\">\n\t\t\t\t\t\t\t\t\t\t\t\t<div class=\"premium-blog-content-wrapper empty-thumb\">\n\n\t\t\t\t\t<div class=\"premium-blog-inner-container\">\n\n\t\t\t\t\t\t\t\t\t\t\t\t\t\t<h2 class=\"premium-blog-entry-title\">\n\t\t\t<a href=\"https:\/\/www.scoala-smirdan.ro\/?p=1997\" target=\"_blank\">\n\t\t\t\tAnun\u021b concurs \u00eengrijitor\t\t\t<\/a>\n\t\t<\/h2>\n\t\t\t\t<div class=\"premium-blog-entry-meta\">\n\t\t\t\n\t\t\t\t\t\t\t<span class=\"premium-blog-meta-separator\">\u2022<\/span>\n\t\t\t\t<div class=\"premium-blog-post-time premium-blog-meta-data\">\n\t\t\t\t\t<i class=\"fa fa-calendar-alt\" aria-hidden=\"true\"><\/i>\n\t\t\t\t\t<span>03\/03\/2026<\/span>\n\t\t\t\t<\/div>\n\t\t\t\n\t\t\t\n\t\t\t\t\t<\/div>\n\t\t\n\t\t\t\t\t<\/div>\n\n\t\t\t\t\t\t\t\t\t\t\n\t\t\t\t<\/div>\n\t\t\t<\/div>\n\t\t<\/div>\n\n\t\t\t\t<div class=\"premium-blog-post-outer-container\" data-total=\"11\">\n\t\t\t<div class=\"premium-blog-post-container premium-blog-skin-classic\">\n\t\t\t\t\t\t\t\t\t\t\t\t<div class=\"premium-blog-content-wrapper empty-thumb\">\n\n\t\t\t\t\t<div class=\"premium-blog-inner-container\">\n\n\t\t\t\t\t\t\t\t\t\t\t\t\t\t<h2 class=\"premium-blog-entry-title\">\n\t\t\t<a href=\"https:\/\/www.scoala-smirdan.ro\/?p=1994\" target=\"_blank\">\n\t\t\t\tCalendar \u00eenscriere \u00eenv\u0103\u021b\u0103m\u00e2nt primar 2026-2027\t\t\t<\/a>\n\t\t<\/h2>\n\t\t\t\t<div class=\"premium-blog-entry-meta\">\n\t\t\t\n\t\t\t\t\t\t\t<span class=\"premium-blog-meta-separator\">\u2022<\/span>\n\t\t\t\t<div class=\"premium-blog-post-time premium-blog-meta-data\">\n\t\t\t\t\t<i class=\"fa fa-calendar-alt\" aria-hidden=\"true\"><\/i>\n\t\t\t\t\t<span>02\/03\/2026<\/span>\n\t\t\t\t<\/div>\n\t\t\t\n\t\t\t\n\t\t\t\t\t<\/div>\n\t\t\n\t\t\t\t\t<\/div>\n\n\t\t\t\t\t\t\t\t\t\t\n\t\t\t\t<\/div>\n\t\t\t<\/div>\n\t\t<\/div>\n\n\t\t\t\t<div class=\"premium-blog-post-outer-container\" data-total=\"11\">\n\t\t\t<div class=\"premium-blog-post-container premium-blog-skin-classic\">\n\t\t\t\t\t\t\t\t\t\t\t\t<div class=\"premium-blog-content-wrapper empty-thumb\">\n\n\t\t\t\t\t<div class=\"premium-blog-inner-container\">\n\n\t\t\t\t\t\t\t\t\t\t\t\t\t\t<h2 class=\"premium-blog-entry-title\">\n\t\t\t<a href=\"https:\/\/www.scoala-smirdan.ro\/?p=1979\" target=\"_blank\">\n\t\t\t\tAnun\u021b selec\u021bie exper\u021bi PNRAS\t\t\t<\/a>\n\t\t<\/h2>\n\t\t\t\t<div class=\"premium-blog-entry-meta\">\n\t\t\t\n\t\t\t\t\t\t\t<span class=\"premium-blog-meta-separator\">\u2022<\/span>\n\t\t\t\t<div class=\"premium-blog-post-time premium-blog-meta-data\">\n\t\t\t\t\t<i class=\"fa fa-calendar-alt\" aria-hidden=\"true\"><\/i>\n\t\t\t\t\t<span>09\/01\/2026<\/span>\n\t\t\t\t<\/div>\n\t\t\t\n\t\t\t\n\t\t\t\t\t<\/div>\n\t\t\n\t\t\t\t\t<\/div>\n\n\t\t\t\t\t\t\t\t\t\t\n\t\t\t\t<\/div>\n\t\t\t<\/div>\n\t\t<\/div>\n\n\t\t\t\t<div class=\"premium-blog-post-outer-container\" data-total=\"11\">\n\t\t\t<div class=\"premium-blog-post-container premium-blog-skin-classic\">\n\t\t\t\t\t\t\t\t\t\t\t\t<div class=\"premium-blog-content-wrapper empty-thumb\">\n\n\t\t\t\t\t<div class=\"premium-blog-inner-container\">\n\n\t\t\t\t\t\t\t\t\t\t\t\t\t\t<h2 class=\"premium-blog-entry-title\">\n\t\t\t<a href=\"https:\/\/www.scoala-smirdan.ro\/?p=1975\" target=\"_blank\">\n\t\t\t\tAnun\u021b selec\u021bie exper\u021bi PNRAS\t\t\t<\/a>\n\t\t<\/h2>\n\t\t\t\t<div class=\"premium-blog-entry-meta\">\n\t\t\t\n\t\t\t\t\t\t\t<span class=\"premium-blog-meta-separator\">\u2022<\/span>\n\t\t\t\t<div class=\"premium-blog-post-time premium-blog-meta-data\">\n\t\t\t\t\t<i class=\"fa fa-calendar-alt\" aria-hidden=\"true\"><\/i>\n\t\t\t\t\t<span>23\/12\/2025<\/span>\n\t\t\t\t<\/div>\n\t\t\t\n\t\t\t\n\t\t\t\t\t<\/div>\n\t\t\n\t\t\t\t\t<\/div>\n\n\t\t\t\t\t\t\t\t\t\t\n\t\t\t\t<\/div>\n\t\t\t<\/div>\n\t\t<\/div>\n\n\t\t\t\t\t\t\t<\/div>\n\n\t\t\t\t\t<div class=\"premium-blog-footer\">\n\t\t\t\t\t\t\t<nav class=\"premium-blog-pagination-container\" role=\"navigation\" aria-label=\"Pagination\">\n\t\t\t\t<span aria-current=\"page\" class=\"page-numbers current\">1<\/span>\n<a class=\"page-numbers\" href=\"https:\/\/www.scoala-smirdan.ro\/index.php\/?paged=2&#038;rest_route=%2Fwp%2Fv2%2Fpages%2F466\">2<\/a>\n<a class=\"page-numbers\" href=\"https:\/\/www.scoala-smirdan.ro\/index.php\/?paged=3&#038;rest_route=%2Fwp%2Fv2%2Fpages%2F466\">3<\/a>\n<span class=\"page-numbers dots\">&hellip;<\/span>\n<a class=\"page-numbers\" href=\"https:\/\/www.scoala-smirdan.ro\/index.php\/?paged=10&#038;rest_route=%2Fwp%2Fv2%2Fpages%2F466\">10<\/a>\t\t\t<\/nav>\n\t\t\t\t\t\t<\/div>\n\t\t\n\t\t\n\t\t\t\t\t\t<\/div>\n\t\t\t\t<\/div>\n\t\t\t\t<\/div>\n\t\t\t\t\t<\/div>\n\t\t\t\t<\/div>\n\t\t<div class=\"elementor-element elementor-element-6fb03ba e-flex e-con-boxed e-con e-parent\" data-id=\"6fb03ba\" data-element_type=\"container\" data-e-type=\"container\">\n\t\t\t\t\t<div class=\"e-con-inner\">\n\t\t\t\t<div class=\"elementor-element elementor-element-d27b4a5 premium-adv-carousel__infinite premium-adv-carousel__horizontal elementor-widget elementor-widget-premium-media-wheel\" data-id=\"d27b4a5\" data-element_type=\"widget\" data-e-type=\"widget\" data-widget_type=\"premium-media-wheel.default\">\n\t\t\t\t<div class=\"elementor-widget-container\">\n\t\t\t\t\t\t\t<div class=\"premium-adv-carousel-no-lightbox premium-adv-carousel__container\" data-settings=\"{&quot;type&quot;:&quot;infinite&quot;,&quot;scroll&quot;:false,&quot;speed&quot;:50,&quot;pauseOnHover&quot;:true,&quot;dir&quot;:&quot;horizontal&quot;,&quot;reverse&quot;:&quot;normal&quot;,&quot;renderEvent&quot;:&quot;scroll&quot;}\">\n\n\t\t\t<div style=\"visibility:hidden;\" class=\"premium-adv-carousel__inner-container\">\n\n\t\t\t\t<div class=\"premium-adv-carousel__items\">\n\n\t\t\t\t\t\t\t\t<div class=\"premium-adv-carousel__item-outer-wrapper\">\n\t\t\t\t<div class=\"elementor-repeater-item-12cb927 premium-adv-carousel__item premium-adv-carousel__item-image\">\n\t\t\t\t\t<div class=\"premium-adv-carousel__media-wrap\">\n\t\t\t\t\t\t\t\t\t\t\t\t\t\t<img decoding=\"async\" src=\"https:\/\/www.scoala-smirdan.ro\/wp-content\/uploads\/2024\/12\/sc-smirdan-20-optimized.webp\" alt=\"sc-smirdan-20-optimized\" class=\"premium-adv-carousel__item-img \">\n\t\t\t\t\t\t\t\t\t\t\t\t<\/div>\n\n\t\t\t\t\t\n\t\t\t\t\t\t\t\t\t<\/div>\n\t\t\t<\/div>\n\t\t\t\t\t\t<div class=\"premium-adv-carousel__item-outer-wrapper\">\n\t\t\t\t<div class=\"elementor-repeater-item-ea9a845 premium-adv-carousel__item premium-adv-carousel__item-image\">\n\t\t\t\t\t<div class=\"premium-adv-carousel__media-wrap\">\n\t\t\t\t\t\t\t\t\t\t\t\t\t\t<img decoding=\"async\" src=\"https:\/\/www.scoala-smirdan.ro\/wp-content\/uploads\/2024\/12\/sc-smirdan-18-optimized.webp\" alt=\"sc-smirdan-18-optimized\" class=\"premium-adv-carousel__item-img \">\n\t\t\t\t\t\t\t\t\t\t\t\t<\/div>\n\n\t\t\t\t\t\n\t\t\t\t\t\t\t\t\t<\/div>\n\t\t\t<\/div>\n\t\t\t\t\t\t<div class=\"premium-adv-carousel__item-outer-wrapper\">\n\t\t\t\t<div class=\"elementor-repeater-item-43a4677 premium-adv-carousel__item premium-adv-carousel__item-image\">\n\t\t\t\t\t<div class=\"premium-adv-carousel__media-wrap\">\n\t\t\t\t\t\t\t\t\t\t\t\t\t\t<img decoding=\"async\" src=\"https:\/\/www.scoala-smirdan.ro\/wp-content\/uploads\/2024\/12\/sc-smirdan-16-optimized.webp\" alt=\"sc-smirdan-16-optimized\" class=\"premium-adv-carousel__item-img \">\n\t\t\t\t\t\t\t\t\t\t\t\t<\/div>\n\n\t\t\t\t\t\n\t\t\t\t\t\t\t\t\t<\/div>\n\t\t\t<\/div>\n\t\t\t\t\t\t<div class=\"premium-adv-carousel__item-outer-wrapper\">\n\t\t\t\t<div class=\"elementor-repeater-item-3afb212 premium-adv-carousel__item premium-adv-carousel__item-image\">\n\t\t\t\t\t<div class=\"premium-adv-carousel__media-wrap\">\n\t\t\t\t\t\t\t\t\t\t\t\t\t\t<img decoding=\"async\" src=\"https:\/\/www.scoala-smirdan.ro\/wp-content\/uploads\/2024\/12\/sc-smirdan-9-optimized.webp\" alt=\"sc-smirdan-9-optimized\" class=\"premium-adv-carousel__item-img \">\n\t\t\t\t\t\t\t\t\t\t\t\t<\/div>\n\n\t\t\t\t\t\n\t\t\t\t\t\t\t\t\t<\/div>\n\t\t\t<\/div>\n\t\t\t\t\t\t<div class=\"premium-adv-carousel__item-outer-wrapper\">\n\t\t\t\t<div class=\"elementor-repeater-item-fab02a5 premium-adv-carousel__item premium-adv-carousel__item-image\">\n\t\t\t\t\t<div class=\"premium-adv-carousel__media-wrap\">\n\t\t\t\t\t\t\t\t\t\t\t\t\t\t<img decoding=\"async\" src=\"https:\/\/www.scoala-smirdan.ro\/wp-content\/uploads\/2024\/12\/sc-smirdan-5-optimized.webp\" alt=\"sc-smirdan-5-optimized\" class=\"premium-adv-carousel__item-img \">\n\t\t\t\t\t\t\t\t\t\t\t\t<\/div>\n\n\t\t\t\t\t\n\t\t\t\t\t\t\t\t\t<\/div>\n\t\t\t<\/div>\n\t\t\t\t\t\t<div class=\"premium-adv-carousel__item-outer-wrapper\">\n\t\t\t\t<div class=\"elementor-repeater-item-1ad30c7 premium-adv-carousel__item premium-adv-carousel__item-image\">\n\t\t\t\t\t<div class=\"premium-adv-carousel__media-wrap\">\n\t\t\t\t\t\t\t\t\t\t\t\t\t\t<img decoding=\"async\" src=\"https:\/\/www.scoala-smirdan.ro\/wp-content\/uploads\/2024\/12\/sc-smirdan-1-optimized.webp\" alt=\"sc-smirdan-1-optimized\" class=\"premium-adv-carousel__item-img \">\n\t\t\t\t\t\t\t\t\t\t\t\t<\/div>\n\n\t\t\t\t\t\n\t\t\t\t\t\t\t\t\t<\/div>\n\t\t\t<\/div>\n\t\t\t\t\t\t\t<\/div>\n\t\t\t<\/div>\n\t\t<\/div>\n\t\t\t\t\t\t<\/div>\n\t\t\t\t<\/div>\n\t\t\t\t<div class=\"elementor-element elementor-element-6637b5c elementor-widget elementor-widget-heading\" data-id=\"6637b5c\" data-element_type=\"widget\" data-e-type=\"widget\" data-widget_type=\"heading.default\">\n\t\t\t\t<div class=\"elementor-widget-container\">\n\t\t\t\t\t<h4 class=\"elementor-heading-title elementor-size-default\">Avizier<\/h4>\t\t\t\t<\/div>\n\t\t\t\t<\/div>\n\t\t\t\t\t<\/div>\n\t\t\t\t<\/div>\n\t\t\t\t<\/div>\n\t\t","protected":false},"excerpt":{"rendered":"<p>&#8221; \u0218coala s\u0103 nu fie nimic altceva, dec\u00e2t ateliere pline de activitate. Numai astfel vor putea s\u0103 probeze to\u0163i, \u00een propria lor practic\u0103, adev\u0103rul c\u0103: \u00eenv\u0103\u0163\u00e2nd pe al\u0163ii ne \u00eenv\u0103\u0163\u0103m pe noi \u00een\u015fine &#8220; John Amos Comenius \u0218coala Profesional\u0103 &#8220;Sf\u00e2ntul Ap. Andrei&#8221; \u015ecoala Profesional\u0103 \u201eSf\u00e2ntul Apostol Andrei\u201d Sm\u00e2rdan, deserve\u015fte popula\u0163ia \u015fcolar\u0103 din comunele Suhar\u0103u, Hude\u015fti, [&hellip;]<\/p>\n","protected":false},"author":1,"featured_media":0,"parent":0,"menu_order":0,"comment_status":"closed","ping_status":"closed","template":"","meta":{"site-sidebar-layout":"no-sidebar","site-content-layout":"page-builder","ast-site-content-layout":"default","site-content-style":"default","site-sidebar-style":"default","ast-global-header-display":"","ast-banner-title-visibility":"","ast-main-header-display":"","ast-hfb-above-header-display":"","ast-hfb-below-header-display":"","ast-hfb-mobile-header-display":"","site-post-title":"disabled","ast-breadcrumbs-content":"disabled","ast-featured-img":"disabled","footer-sml-layout":"","ast-disable-related-posts":"","theme-transparent-header-meta":"default","adv-header-id-meta":"","stick-header-meta":"","header-above-stick-meta":"","header-main-stick-meta":"","header-below-stick-meta":"","astra-migrate-meta-layouts":"default","ast-page-background-enabled":"default","ast-page-background-meta":{"desktop":{"background-color":"","background-image":"","background-repeat":"repeat","background-position":"center center","background-size":"auto","background-attachment":"scroll","background-type":"","background-media":"","overlay-type":"","overlay-color":"","overlay-opacity":"","overlay-gradient":""},"tablet":{"background-color":"","background-image":"","background-repeat":"repeat","background-position":"center center","background-size":"auto","background-attachment":"scroll","background-type":"","background-media":"","overlay-type":"","overlay-color":"","overlay-opacity":"","overlay-gradient":""},"mobile":{"background-color":"","background-image":"","background-repeat":"repeat","background-position":"center center","background-size":"auto","background-attachment":"scroll","background-type":"","background-media":"","overlay-type":"","overlay-color":"","overlay-opacity":"","overlay-gradient":""}},"ast-content-background-meta":{"desktop":{"background-color":"var(--ast-global-color-5)","background-image":"","background-repeat":"repeat","background-position":"center center","background-size":"auto","background-attachment":"scroll","background-type":"","background-media":"","overlay-type":"","overlay-color":"","overlay-opacity":"","overlay-gradient":""},"tablet":{"background-color":"var(--ast-global-color-5)","background-image":"","background-repeat":"repeat","background-position":"center center","background-size":"auto","background-attachment":"scroll","background-type":"","background-media":"","overlay-type":"","overlay-color":"","overlay-opacity":"","overlay-gradient":""},"mobile":{"background-color":"var(--ast-global-color-5)","background-image":"","background-repeat":"repeat","background-position":"center center","background-size":"auto","background-attachment":"scroll","background-type":"","background-media":"","overlay-type":"","overlay-color":"","overlay-opacity":"","overlay-gradient":""}},"footnotes":""},"class_list":["post-466","page","type-page","status-publish","hentry"],"_links":{"self":[{"href":"https:\/\/www.scoala-smirdan.ro\/index.php?rest_route=\/wp\/v2\/pages\/466","targetHints":{"allow":["GET"]}}],"collection":[{"href":"https:\/\/www.scoala-smirdan.ro\/index.php?rest_route=\/wp\/v2\/pages"}],"about":[{"href":"https:\/\/www.scoala-smirdan.ro\/index.php?rest_route=\/wp\/v2\/types\/page"}],"author":[{"embeddable":true,"href":"https:\/\/www.scoala-smirdan.ro\/index.php?rest_route=\/wp\/v2\/users\/1"}],"replies":[{"embeddable":true,"href":"https:\/\/www.scoala-smirdan.ro\/index.php?rest_route=%2Fwp%2Fv2%2Fcomments&post=466"}],"version-history":[{"count":138,"href":"https:\/\/www.scoala-smirdan.ro\/index.php?rest_route=\/wp\/v2\/pages\/466\/revisions"}],"predecessor-version":[{"id":1741,"href":"https:\/\/www.scoala-smirdan.ro\/index.php?rest_route=\/wp\/v2\/pages\/466\/revisions\/1741"}],"wp:attachment":[{"href":"https:\/\/www.scoala-smirdan.ro\/index.php?rest_route=%2Fwp%2Fv2%2Fmedia&parent=466"}],"curies":[{"name":"wp","href":"https:\/\/api.w.org\/{rel}","templated":true}]}}